{"id":89,"date":"2026-02-16T05:29:18","date_gmt":"2026-02-16T05:29:18","guid":{"rendered":"https:\/\/carlosconderojas.com\/?page_id=89"},"modified":"2026-02-16T05:29:18","modified_gmt":"2026-02-16T05:29:18","slug":"formacion-academica","status":"publish","type":"page","link":"https:\/\/carlosconderojas.com\/index.php\/formacion-academica\/","title":{"rendered":"FORMACI\u00d3N ACAD\u00c9MICA"},"content":{"rendered":"<p data-start=\"172\" data-end=\"662\">Mi formaci\u00f3n acad\u00e9mica combina dos \u00e1reas que se complementan de manera natural:\u00a0<strong data-start=\"252\" data-end=\"274\">Contadur\u00eda P\u00fablica<\/strong>\u00a0y\u00a0<strong data-start=\"277\" data-end=\"288\">Derecho<\/strong>, con especial enfoque en\u00a0<strong data-start=\"314\" data-end=\"358\">tributaci\u00f3n, gesti\u00f3n y normativa laboral<\/strong>. A lo largo de los a\u00f1os he fortalecido este perfil mediante estudios de posgrado y diplomados orientados a la pr\u00e1ctica profesional, el an\u00e1lisis t\u00e9cnico y la actualizaci\u00f3n permanente, con el objetivo de brindar criterios s\u00f3lidos, soluciones responsables y una visi\u00f3n integral en cada proyecto o asesor\u00eda.<\/p>\n<h2 data-start=\"664\" data-end=\"706\">Estudios universitarios (Licenciaturas)<\/h2>\n<p data-start=\"708\" data-end=\"785\"><strong data-start=\"708\" data-end=\"744\"><img loading=\"lazy\" decoding=\"async\" class=\"wp-image-75 alignleft\" src=\"https:\/\/carlosconderojas.com\/wp-content\/uploads\/2026\/01\/logo-umsa.png\" sizes=\"auto, (max-width: 44px) 100vw, 44px\" srcset=\"https:\/\/carlosconderojas.com\/wp-content\/uploads\/2026\/01\/logo-umsa.png 600w, https:\/\/carlosconderojas.com\/wp-content\/uploads\/2026\/01\/logo-umsa-267x300.png 267w\" alt=\"\" width=\"44\" height=\"50\" \/>Licenciado en Contadur\u00eda P\u00fablica<\/strong><br data-start=\"744\" data-end=\"747\" \/>Universidad Mayor de San Andr\u00e9s (UMSA)<\/p>\n<p data-start=\"708\" data-end=\"785\">\n<p data-start=\"787\" data-end=\"854\"><strong data-start=\"787\" data-end=\"812\"><img loading=\"lazy\" decoding=\"async\" class=\"wp-image-76 alignleft\" src=\"https:\/\/carlosconderojas.com\/wp-content\/uploads\/2026\/01\/utb-logo.jpg\" sizes=\"auto, (max-width: 42px) 100vw, 42px\" srcset=\"https:\/\/carlosconderojas.com\/wp-content\/uploads\/2026\/01\/utb-logo.jpg 200w, https:\/\/carlosconderojas.com\/wp-content\/uploads\/2026\/01\/utb-logo-150x150.jpg 150w\" alt=\"\" width=\"42\" height=\"42\" \/><\/strong><\/p>\n<p data-start=\"787\" data-end=\"854\"><strong data-start=\"787\" data-end=\"812\">Licenciado en Derecho<\/strong><br data-start=\"812\" data-end=\"815\" \/>Universidad Tecnol\u00f3gica Boliviana (UTB)<\/p>\n<h2 data-start=\"856\" data-end=\"879\">Posgrado (Maestr\u00edas)<\/h2>\n<p data-start=\"881\" data-end=\"950\"><strong data-start=\"881\" data-end=\"927\"><img loading=\"lazy\" decoding=\"async\" class=\" wp-image-77 alignleft\" src=\"https:\/\/carlosconderojas.com\/wp-content\/uploads\/2026\/01\/logo-sigloxx.png\" sizes=\"auto, (max-width: 50px) 100vw, 50px\" srcset=\"https:\/\/carlosconderojas.com\/wp-content\/uploads\/2026\/01\/logo-sigloxx.png 225w, https:\/\/carlosconderojas.com\/wp-content\/uploads\/2026\/01\/logo-sigloxx-150x150.png 150w\" alt=\"\" width=\"50\" height=\"50\" \/>Egresado \u2013 Maestr\u00eda en Gerencia Tributaria<\/strong><br data-start=\"927\" data-end=\"930\" \/>Universidad Siglo XX<\/p>\n<p data-start=\"881\" data-end=\"950\">\n<p data-start=\"952\" data-end=\"1051\"><strong data-start=\"952\" data-end=\"1007\"><img loading=\"lazy\" decoding=\"async\" class=\"wp-image-78 alignleft\" src=\"https:\/\/carlosconderojas.com\/wp-content\/uploads\/2026\/01\/logo-uab.png\" sizes=\"auto, (max-width: 40px) 100vw, 40px\" srcset=\"https:\/\/carlosconderojas.com\/wp-content\/uploads\/2026\/01\/logo-uab.png 401w, https:\/\/carlosconderojas.com\/wp-content\/uploads\/2026\/01\/logo-uab-257x300.png 257w\" alt=\"\" width=\"40\" height=\"47\" \/>Egresado \u2013 Maestr\u00eda en Derecho Laboral y Tributario<\/strong><br data-start=\"1007\" data-end=\"1010\" \/>Universidad Aut\u00f3noma Ren\u00e9 Ballivi\u00e1n (UAB)<\/p>\n<h2 data-start=\"1053\" data-end=\"1066\">Diplomados<\/h2>\n<p data-start=\"1164\" data-end=\"1266\"><strong data-start=\"1164\" data-end=\"1224\"><img loading=\"lazy\" decoding=\"async\" class=\"wp-image-76 alignleft\" src=\"https:\/\/carlosconderojas.com\/wp-content\/uploads\/2026\/01\/utb-logo.jpg\" sizes=\"auto, (max-width: 46px) 100vw, 46px\" srcset=\"https:\/\/carlosconderojas.com\/wp-content\/uploads\/2026\/01\/utb-logo.jpg 200w, https:\/\/carlosconderojas.com\/wp-content\/uploads\/2026\/01\/utb-logo-150x150.jpg 150w\" alt=\"\" width=\"46\" height=\"46\" \/>Diplomado en Educaci\u00f3n Superior y Docencia Universitaria<\/strong><br data-start=\"1224\" data-end=\"1227\" \/>Universidad Tecnol\u00f3gica Boliviana (UTB)<\/p>\n<p data-start=\"1164\" data-end=\"1266\"><strong data-start=\"1068\" data-end=\"1124\"><img loading=\"lazy\" decoding=\"async\" class=\"wp-image-79 alignleft\" src=\"https:\/\/carlosconderojas.com\/wp-content\/uploads\/2026\/01\/unifranz.png\" sizes=\"auto, (max-width: 92px) 100vw, 92px\" srcset=\"https:\/\/carlosconderojas.com\/wp-content\/uploads\/2026\/01\/unifranz.png 711w, https:\/\/carlosconderojas.com\/wp-content\/uploads\/2026\/01\/unifranz-300x123.png 300w\" alt=\"\" width=\"92\" height=\"38\" \/>Diplomado en Derecho Tributario Municipal y Aduanero<\/strong><br data-start=\"1124\" data-end=\"1127\" \/>Universidad Franz Tamayo (UNIFRANZ)<\/p>\n","protected":false},"excerpt":{"rendered":"<p>Mi formaci\u00f3n acad\u00e9mica combina dos \u00e1reas que se complementan de manera natural:\u00a0Contadur\u00eda P\u00fablica\u00a0y\u00a0Derecho, con especial&#8230;<\/p>\n","protected":false},"author":1,"featured_media":0,"parent":0,"menu_order":0,"comment_status":"closed","ping_status":"closed","template":"","meta":{"footnotes":""},"class_list":["post-89","page","type-page","status-publish","hentry"],"yoast_head":"<!-- This site is optimized with the Yoast SEO plugin v26.7 - https:\/\/yoast.com\/wordpress\/plugins\/seo\/ -->\n<title>FORMACI\u00d3N ACAD\u00c9MICA - Carlos Conde Rojas<\/title>\n<meta name=\"robots\" content=\"index, follow, max-snippet:-1, max-image-preview:large, max-video-preview:-1\" \/>\n<link rel=\"canonical\" href=\"https:\/\/carlosconderojas.com\/index.php\/formacion-academica\/\" \/>\n<meta property=\"og:locale\" content=\"es_ES\" \/>\n<meta property=\"og:type\" content=\"article\" \/>\n<meta property=\"og:title\" content=\"FORMACI\u00d3N ACAD\u00c9MICA - Carlos Conde Rojas\" \/>\n<meta property=\"og:description\" content=\"Mi formaci\u00f3n acad\u00e9mica combina dos \u00e1reas que se complementan de manera natural:\u00a0Contadur\u00eda P\u00fablica\u00a0y\u00a0Derecho, con especial...\" \/>\n<meta property=\"og:url\" content=\"https:\/\/carlosconderojas.com\/index.php\/formacion-academica\/\" \/>\n<meta property=\"og:site_name\" content=\"Carlos Conde Rojas\" \/>\n<meta property=\"og:image\" content=\"https:\/\/carlosconderojas.com\/wp-content\/uploads\/2026\/01\/logo-umsa.png\" \/>\n\t<meta property=\"og:image:width\" content=\"600\" \/>\n\t<meta property=\"og:image:height\" content=\"675\" \/>\n\t<meta property=\"og:image:type\" content=\"image\/png\" \/>\n<meta name=\"twitter:card\" content=\"summary_large_image\" \/>\n<meta name=\"twitter:label1\" content=\"Tiempo de lectura\" \/>\n\t<meta name=\"twitter:data1\" content=\"2 minutos\" \/>\n<script type=\"application\/ld+json\" class=\"yoast-schema-graph\">{\"@context\":\"https:\/\/schema.org\",\"@graph\":[{\"@type\":\"WebPage\",\"@id\":\"https:\/\/carlosconderojas.com\/index.php\/formacion-academica\/\",\"url\":\"https:\/\/carlosconderojas.com\/index.php\/formacion-academica\/\",\"name\":\"FORMACI\u00d3N ACAD\u00c9MICA - Carlos Conde Rojas\",\"isPartOf\":{\"@id\":\"https:\/\/carlosconderojas.com\/#website\"},\"primaryImageOfPage\":{\"@id\":\"https:\/\/carlosconderojas.com\/index.php\/formacion-academica\/#primaryimage\"},\"image\":{\"@id\":\"https:\/\/carlosconderojas.com\/index.php\/formacion-academica\/#primaryimage\"},\"thumbnailUrl\":\"https:\/\/carlosconderojas.com\/wp-content\/uploads\/2026\/01\/logo-umsa.png\",\"datePublished\":\"2026-02-16T05:29:18+00:00\",\"breadcrumb\":{\"@id\":\"https:\/\/carlosconderojas.com\/index.php\/formacion-academica\/#breadcrumb\"},\"inLanguage\":\"es\",\"potentialAction\":[{\"@type\":\"ReadAction\",\"target\":[\"https:\/\/carlosconderojas.com\/index.php\/formacion-academica\/\"]}]},{\"@type\":\"ImageObject\",\"inLanguage\":\"es\",\"@id\":\"https:\/\/carlosconderojas.com\/index.php\/formacion-academica\/#primaryimage\",\"url\":\"https:\/\/carlosconderojas.com\/wp-content\/uploads\/2026\/01\/logo-umsa.png\",\"contentUrl\":\"https:\/\/carlosconderojas.com\/wp-content\/uploads\/2026\/01\/logo-umsa.png\",\"width\":600,\"height\":675},{\"@type\":\"BreadcrumbList\",\"@id\":\"https:\/\/carlosconderojas.com\/index.php\/formacion-academica\/#breadcrumb\",\"itemListElement\":[{\"@type\":\"ListItem\",\"position\":1,\"name\":\"Portada\",\"item\":\"https:\/\/carlosconderojas.com\/\"},{\"@type\":\"ListItem\",\"position\":2,\"name\":\"FORMACI\u00d3N ACAD\u00c9MICA\"}]},{\"@type\":\"WebSite\",\"@id\":\"https:\/\/carlosconderojas.com\/#website\",\"url\":\"https:\/\/carlosconderojas.com\/\",\"name\":\"Carlos Conde Rojas\",\"description\":\"Carlos Conde Rojas\",\"potentialAction\":[{\"@type\":\"SearchAction\",\"target\":{\"@type\":\"EntryPoint\",\"urlTemplate\":\"https:\/\/carlosconderojas.com\/?s={search_term_string}\"},\"query-input\":{\"@type\":\"PropertyValueSpecification\",\"valueRequired\":true,\"valueName\":\"search_term_string\"}}],\"inLanguage\":\"es\"}]}<\/script>\n<!-- \/ Yoast SEO plugin. -->","yoast_head_json":{"title":"FORMACI\u00d3N ACAD\u00c9MICA - Carlos Conde Rojas","robots":{"index":"index","follow":"follow","max-snippet":"max-snippet:-1","max-image-preview":"max-image-preview:large","max-video-preview":"max-video-preview:-1"},"canonical":"https:\/\/carlosconderojas.com\/index.php\/formacion-academica\/","og_locale":"es_ES","og_type":"article","og_title":"FORMACI\u00d3N ACAD\u00c9MICA - Carlos Conde Rojas","og_description":"Mi formaci\u00f3n acad\u00e9mica combina dos \u00e1reas que se complementan de manera natural:\u00a0Contadur\u00eda P\u00fablica\u00a0y\u00a0Derecho, con especial...","og_url":"https:\/\/carlosconderojas.com\/index.php\/formacion-academica\/","og_site_name":"Carlos Conde Rojas","og_image":[{"width":600,"height":675,"url":"https:\/\/carlosconderojas.com\/wp-content\/uploads\/2026\/01\/logo-umsa.png","type":"image\/png"}],"twitter_card":"summary_large_image","twitter_misc":{"Tiempo de lectura":"2 minutos"},"schema":{"@context":"https:\/\/schema.org","@graph":[{"@type":"WebPage","@id":"https:\/\/carlosconderojas.com\/index.php\/formacion-academica\/","url":"https:\/\/carlosconderojas.com\/index.php\/formacion-academica\/","name":"FORMACI\u00d3N ACAD\u00c9MICA - Carlos Conde Rojas","isPartOf":{"@id":"https:\/\/carlosconderojas.com\/#website"},"primaryImageOfPage":{"@id":"https:\/\/carlosconderojas.com\/index.php\/formacion-academica\/#primaryimage"},"image":{"@id":"https:\/\/carlosconderojas.com\/index.php\/formacion-academica\/#primaryimage"},"thumbnailUrl":"https:\/\/carlosconderojas.com\/wp-content\/uploads\/2026\/01\/logo-umsa.png","datePublished":"2026-02-16T05:29:18+00:00","breadcrumb":{"@id":"https:\/\/carlosconderojas.com\/index.php\/formacion-academica\/#breadcrumb"},"inLanguage":"es","potentialAction":[{"@type":"ReadAction","target":["https:\/\/carlosconderojas.com\/index.php\/formacion-academica\/"]}]},{"@type":"ImageObject","inLanguage":"es","@id":"https:\/\/carlosconderojas.com\/index.php\/formacion-academica\/#primaryimage","url":"https:\/\/carlosconderojas.com\/wp-content\/uploads\/2026\/01\/logo-umsa.png","contentUrl":"https:\/\/carlosconderojas.com\/wp-content\/uploads\/2026\/01\/logo-umsa.png","width":600,"height":675},{"@type":"BreadcrumbList","@id":"https:\/\/carlosconderojas.com\/index.php\/formacion-academica\/#breadcrumb","itemListElement":[{"@type":"ListItem","position":1,"name":"Portada","item":"https:\/\/carlosconderojas.com\/"},{"@type":"ListItem","position":2,"name":"FORMACI\u00d3N ACAD\u00c9MICA"}]},{"@type":"WebSite","@id":"https:\/\/carlosconderojas.com\/#website","url":"https:\/\/carlosconderojas.com\/","name":"Carlos Conde Rojas","description":"Carlos Conde Rojas","potentialAction":[{"@type":"SearchAction","target":{"@type":"EntryPoint","urlTemplate":"https:\/\/carlosconderojas.com\/?s={search_term_string}"},"query-input":{"@type":"PropertyValueSpecification","valueRequired":true,"valueName":"search_term_string"}}],"inLanguage":"es"}]}},"_links":{"self":[{"href":"https:\/\/carlosconderojas.com\/index.php\/wp-json\/wp\/v2\/pages\/89","targetHints":{"allow":["GET"]}}],"collection":[{"href":"https:\/\/carlosconderojas.com\/index.php\/wp-json\/wp\/v2\/pages"}],"about":[{"href":"https:\/\/carlosconderojas.com\/index.php\/wp-json\/wp\/v2\/types\/page"}],"author":[{"embeddable":true,"href":"https:\/\/carlosconderojas.com\/index.php\/wp-json\/wp\/v2\/users\/1"}],"replies":[{"embeddable":true,"href":"https:\/\/carlosconderojas.com\/index.php\/wp-json\/wp\/v2\/comments?post=89"}],"version-history":[{"count":1,"href":"https:\/\/carlosconderojas.com\/index.php\/wp-json\/wp\/v2\/pages\/89\/revisions"}],"predecessor-version":[{"id":90,"href":"https:\/\/carlosconderojas.com\/index.php\/wp-json\/wp\/v2\/pages\/89\/revisions\/90"}],"wp:attachment":[{"href":"https:\/\/carlosconderojas.com\/index.php\/wp-json\/wp\/v2\/media?parent=89"}],"curies":[{"name":"wp","href":"https:\/\/api.w.org\/{rel}","templated":true}]}}